{"id":162,"date":"2024-02-13T15:04:54","date_gmt":"2024-02-13T14:04:54","guid":{"rendered":"https:\/\/manon-vocoret.fr\/?page_id=162"},"modified":"2025-03-06T04:08:18","modified_gmt":"2025-03-06T03:08:18","slug":"projets-professionnels-manon-vocoret-cours-challenge-semaines-audiovisuelles-experience","status":"publish","type":"page","link":"https:\/\/manon-vocoret.fr\/?page_id=162","title":{"rendered":"Mes projets"},"content":{"rendered":"\t\t<div data-elementor-type=\"wp-page\" data-elementor-id=\"162\" class=\"elementor elementor-162\">\n\t\t\t\t<div class=\"elementor-element elementor-element-b929da7 e-flex e-con-boxed wpr-particle-no wpr-jarallax-no wpr-parallax-no wpr-sticky-section-no e-con e-parent\" data-id=\"b929da7\" data-element_type=\"container\" data-settings=\"{&quot;content_width&quot;:&quot;boxed&quot;}\" data-core-v316-plus=\"true\">\n\t\t\t\t\t<div class=\"e-con-inner\">\n\t\t\t\t<div class=\"elementor-element elementor-element-120b98a elementor-widget elementor-widget-heading\" data-id=\"120b98a\" data-element_type=\"widget\" data-widget_type=\"heading.default\">\n\t\t\t\t<div class=\"elementor-widget-container\">\n\t\t\t<style>\/*! elementor - v3.19.0 - 07-02-2024 *\/\n.elementor-heading-title{padding:0;margin:0;line-height:1}.elementor-widget-heading .elementor-heading-title[class*=elementor-size-]>a{color:inherit;font-size:inherit;line-height:inherit}.elementor-widget-heading .elementor-heading-title.elementor-size-small{font-size:15px}.elementor-widget-heading .elementor-heading-title.elementor-size-medium{font-size:19px}.elementor-widget-heading .elementor-heading-title.elementor-size-large{font-size:29px}.elementor-widget-heading .elementor-heading-title.elementor-size-xl{font-size:39px}.elementor-widget-heading .elementor-heading-title.elementor-size-xxl{font-size:59px}<\/style><h2 class=\"elementor-heading-title elementor-size-default\">Mes projets<\/h2>\t\t<\/div>\n\t\t\t\t<\/div>\n\t\t\t\t<div class=\"elementor-element elementor-element-81b8330 elementor-widget elementor-widget-spacer\" data-id=\"81b8330\" data-element_type=\"widget\" data-widget_type=\"spacer.default\">\n\t\t\t\t<div class=\"elementor-widget-container\">\n\t\t\t<style>\/*! elementor - v3.19.0 - 07-02-2024 *\/\n.elementor-column .elementor-spacer-inner{height:var(--spacer-size)}.e-con{--container-widget-width:100%}.e-con-inner>.elementor-widget-spacer,.e-con>.elementor-widget-spacer{width:var(--container-widget-width,var(--spacer-size));--align-self:var(--container-widget-align-self,initial);--flex-shrink:0}.e-con-inner>.elementor-widget-spacer>.elementor-widget-container,.e-con>.elementor-widget-spacer>.elementor-widget-container{height:100%;width:100%}.e-con-inner>.elementor-widget-spacer>.elementor-widget-container>.elementor-spacer,.e-con>.elementor-widget-spacer>.elementor-widget-container>.elementor-spacer{height:100%}.e-con-inner>.elementor-widget-spacer>.elementor-widget-container>.elementor-spacer>.elementor-spacer-inner,.e-con>.elementor-widget-spacer>.elementor-widget-container>.elementor-spacer>.elementor-spacer-inner{height:var(--container-widget-height,var(--spacer-size))}.e-con-inner>.elementor-widget-spacer.elementor-widget-empty,.e-con>.elementor-widget-spacer.elementor-widget-empty{position:relative;min-height:22px;min-width:22px}.e-con-inner>.elementor-widget-spacer.elementor-widget-empty .elementor-widget-empty-icon,.e-con>.elementor-widget-spacer.elementor-widget-empty .elementor-widget-empty-icon{position:absolute;top:0;bottom:0;left:0;right:0;margin:auto;padding:0;width:22px;height:22px}<\/style>\t\t<div class=\"elementor-spacer\">\n\t\t\t<div class=\"elementor-spacer-inner\"><\/div>\n\t\t<\/div>\n\t\t\t\t<\/div>\n\t\t\t\t<\/div>\n\t\t\t\t<div class=\"elementor-element elementor-element-85c46c2 elementor-widget elementor-widget-text-editor\" data-id=\"85c46c2\" data-element_type=\"widget\" data-widget_type=\"text-editor.default\">\n\t\t\t\t<div class=\"elementor-widget-container\">\n\t\t\t<style>\/*! elementor - v3.19.0 - 07-02-2024 *\/\n.elementor-widget-text-editor.elementor-drop-cap-view-stacked .elementor-drop-cap{background-color:#69727d;color:#fff}.elementor-widget-text-editor.elementor-drop-cap-view-framed .elementor-drop-cap{color:#69727d;border:3px solid;background-color:transparent}.elementor-widget-text-editor:not(.elementor-drop-cap-view-default) .elementor-drop-cap{margin-top:8px}.elementor-widget-text-editor:not(.elementor-drop-cap-view-default) .elementor-drop-cap-letter{width:1em;height:1em}.elementor-widget-text-editor .elementor-drop-cap{float:left;text-align:center;line-height:1;font-size:50px}.elementor-widget-text-editor .elementor-drop-cap-letter{display:inline-block}<\/style>\t\t\t\t<p>Rien de tel que la pratique pour gagner en exp\u00e9rience !<\/p><p>Le B.U.T. Information-Communication pr\u00e9voit plusieurs semaines banalis\u00e9es consacr\u00e9es \u00e0 des projets sp\u00e9ciaux. Je vous invite \u00e0 cliquer sur les liens pour retrouver nos sujets de semaines de <span style=\"text-decoration: underline;\"><span style=\"color: #40e0d0; text-decoration: underline;\"><a style=\"color: #40e0d0; text-decoration: underline;\" href=\"https:\/\/manon-vocoret.fr\/?page_id=172\"><strong>challenges<\/strong><\/a><\/span><\/span>\u00a0et ceux des <a href=\"https:\/\/manon-vocoret.fr\/?page_id=575\"><span style=\"text-decoration: underline;\"><span style=\"color: #40e0d0; text-decoration: underline;\"><strong>semaines sp\u00e9ciales<\/strong><\/span><\/span><\/a>.<\/p><p>Nous avons \u00e9galement<span style=\"color: #000000;\"> d&#8217;autres<\/span> projets \u00e0 rendre dans le cadre des cours. D\u00e9couvrez ma s\u00e9lection <a href=\"https:\/\/manon-vocoret.fr\/?page_id=606\"><span style=\"text-decoration: underline;\"><span style=\"color: #40e0d0; text-decoration: underline;\"><strong>ici<\/strong><\/span><\/span><\/a><span style=\"color: #000000;\"> !<\/span><\/p>\t\t\t\t\t\t<\/div>\n\t\t\t\t<\/div>\n\t\t\t\t\t<\/div>\n\t\t\t\t<\/div>\n\t\t\t\t<\/div>\n\t\t","protected":false},"excerpt":{"rendered":"<p>Mes projets Rien de tel que la pratique pour gagner en exp\u00e9rience ! Le B.U.T. Information-Communication pr\u00e9voit plusieurs semaines banalis\u00e9es consacr\u00e9es \u00e0 des projets sp\u00e9ciaux. Je vous invite \u00e0 cliquer sur les liens pour retrouver nos sujets de semaines de challenges\u00a0et ceux des semaines sp\u00e9ciales. Nous avons \u00e9galement d&#8217;autres projets \u00e0 rendre dans le cadre [&hellip;]<\/p>\n","protected":false},"author":1,"featured_media":0,"parent":0,"menu_order":0,"comment_status":"closed","ping_status":"closed","template":"","meta":{"footnotes":""},"class_list":["post-162","page","type-page","status-publish","hentry"],"yoast_head":"<!-- This site is optimized with the Yoast SEO plugin v22.0 - https:\/\/yoast.com\/wordpress\/plugins\/seo\/ -->\n<title>Mes projets - Manon Vocoret<\/title>\n<meta name=\"description\" content=\"Le B.U.T. Info-Com est une formation professionnalisante. De nombreux projets nous permettent de gagner en exp\u00e9rience. D\u00e9couvrez-les ici !\" \/>\n<meta name=\"robots\" content=\"index, follow, max-snippet:-1, max-image-preview:large, max-video-preview:-1\" \/>\n<link rel=\"canonical\" href=\"https:\/\/manon-vocoret.fr\/?page_id=162\" \/>\n<meta property=\"og:locale\" content=\"en_US\" \/>\n<meta property=\"og:type\" content=\"article\" \/>\n<meta property=\"og:title\" content=\"Mes projets - Manon Vocoret\" \/>\n<meta property=\"og:description\" content=\"Le B.U.T. Info-Com est une formation professionnalisante. De nombreux projets nous permettent de gagner en exp\u00e9rience. D\u00e9couvrez-les ici !\" \/>\n<meta property=\"og:url\" content=\"https:\/\/manon-vocoret.fr\/?page_id=162\" \/>\n<meta property=\"og:site_name\" content=\"Manon Vocoret\" \/>\n<meta property=\"article:modified_time\" content=\"2025-03-06T03:08:18+00:00\" \/>\n<meta name=\"twitter:card\" content=\"summary_large_image\" \/>\n<meta name=\"twitter:label1\" content=\"Est. reading time\" \/>\n\t<meta name=\"twitter:data1\" content=\"1 minute\" \/>\n<script type=\"application\/ld+json\" class=\"yoast-schema-graph\">{\"@context\":\"https:\/\/schema.org\",\"@graph\":[{\"@type\":\"WebPage\",\"@id\":\"https:\/\/manon-vocoret.fr\/?page_id=162\",\"url\":\"https:\/\/manon-vocoret.fr\/?page_id=162\",\"name\":\"Mes projets - Manon Vocoret\",\"isPartOf\":{\"@id\":\"https:\/\/manon-vocoret.fr\/#website\"},\"datePublished\":\"2024-02-13T14:04:54+00:00\",\"dateModified\":\"2025-03-06T03:08:18+00:00\",\"description\":\"Le B.U.T. Info-Com est une formation professionnalisante. De nombreux projets nous permettent de gagner en exp\u00e9rience. D\u00e9couvrez-les ici !\",\"breadcrumb\":{\"@id\":\"https:\/\/manon-vocoret.fr\/?page_id=162#breadcrumb\"},\"inLanguage\":\"en-US\",\"potentialAction\":[{\"@type\":\"ReadAction\",\"target\":[\"https:\/\/manon-vocoret.fr\/?page_id=162\"]}]},{\"@type\":\"BreadcrumbList\",\"@id\":\"https:\/\/manon-vocoret.fr\/?page_id=162#breadcrumb\",\"itemListElement\":[{\"@type\":\"ListItem\",\"position\":1,\"name\":\"Accueil\",\"item\":\"https:\/\/manon-vocoret.fr\/\"},{\"@type\":\"ListItem\",\"position\":2,\"name\":\"Mes projets\"}]},{\"@type\":\"WebSite\",\"@id\":\"https:\/\/manon-vocoret.fr\/#website\",\"url\":\"https:\/\/manon-vocoret.fr\/\",\"name\":\"Manon Vocoret\",\"description\":\"Portfolio d&#039;une \u00e9tudiante en Communication\",\"publisher\":{\"@id\":\"https:\/\/manon-vocoret.fr\/#organization\"},\"potentialAction\":[{\"@type\":\"SearchAction\",\"target\":{\"@type\":\"EntryPoint\",\"urlTemplate\":\"https:\/\/manon-vocoret.fr\/?s={search_term_string}\"},\"query-input\":\"required name=search_term_string\"}],\"inLanguage\":\"en-US\"},{\"@type\":\"Organization\",\"@id\":\"https:\/\/manon-vocoret.fr\/#organization\",\"name\":\"Manon Vocoret\",\"url\":\"https:\/\/manon-vocoret.fr\/\",\"logo\":{\"@type\":\"ImageObject\",\"inLanguage\":\"en-US\",\"@id\":\"https:\/\/manon-vocoret.fr\/#\/schema\/logo\/image\/\",\"url\":\"https:\/\/manon-vocoret.fr\/wp-content\/uploads\/2025\/03\/Logo-site.png\",\"contentUrl\":\"https:\/\/manon-vocoret.fr\/wp-content\/uploads\/2025\/03\/Logo-site.png\",\"width\":1069,\"height\":1029,\"caption\":\"Manon Vocoret\"},\"image\":{\"@id\":\"https:\/\/manon-vocoret.fr\/#\/schema\/logo\/image\/\"}}]}<\/script>\n<!-- \/ Yoast SEO plugin. -->","yoast_head_json":{"title":"Mes projets - Manon Vocoret","description":"Le B.U.T. Info-Com est une formation professionnalisante. De nombreux projets nous permettent de gagner en exp\u00e9rience. D\u00e9couvrez-les ici !","robots":{"index":"index","follow":"follow","max-snippet":"max-snippet:-1","max-image-preview":"max-image-preview:large","max-video-preview":"max-video-preview:-1"},"canonical":"https:\/\/manon-vocoret.fr\/?page_id=162","og_locale":"en_US","og_type":"article","og_title":"Mes projets - Manon Vocoret","og_description":"Le B.U.T. Info-Com est une formation professionnalisante. De nombreux projets nous permettent de gagner en exp\u00e9rience. D\u00e9couvrez-les ici !","og_url":"https:\/\/manon-vocoret.fr\/?page_id=162","og_site_name":"Manon Vocoret","article_modified_time":"2025-03-06T03:08:18+00:00","twitter_card":"summary_large_image","twitter_misc":{"Est. reading time":"1 minute"},"schema":{"@context":"https:\/\/schema.org","@graph":[{"@type":"WebPage","@id":"https:\/\/manon-vocoret.fr\/?page_id=162","url":"https:\/\/manon-vocoret.fr\/?page_id=162","name":"Mes projets - Manon Vocoret","isPartOf":{"@id":"https:\/\/manon-vocoret.fr\/#website"},"datePublished":"2024-02-13T14:04:54+00:00","dateModified":"2025-03-06T03:08:18+00:00","description":"Le B.U.T. Info-Com est une formation professionnalisante. De nombreux projets nous permettent de gagner en exp\u00e9rience. D\u00e9couvrez-les ici !","breadcrumb":{"@id":"https:\/\/manon-vocoret.fr\/?page_id=162#breadcrumb"},"inLanguage":"en-US","potentialAction":[{"@type":"ReadAction","target":["https:\/\/manon-vocoret.fr\/?page_id=162"]}]},{"@type":"BreadcrumbList","@id":"https:\/\/manon-vocoret.fr\/?page_id=162#breadcrumb","itemListElement":[{"@type":"ListItem","position":1,"name":"Accueil","item":"https:\/\/manon-vocoret.fr\/"},{"@type":"ListItem","position":2,"name":"Mes projets"}]},{"@type":"WebSite","@id":"https:\/\/manon-vocoret.fr\/#website","url":"https:\/\/manon-vocoret.fr\/","name":"Manon Vocoret","description":"Portfolio d&#039;une \u00e9tudiante en Communication","publisher":{"@id":"https:\/\/manon-vocoret.fr\/#organization"},"potentialAction":[{"@type":"SearchAction","target":{"@type":"EntryPoint","urlTemplate":"https:\/\/manon-vocoret.fr\/?s={search_term_string}"},"query-input":"required name=search_term_string"}],"inLanguage":"en-US"},{"@type":"Organization","@id":"https:\/\/manon-vocoret.fr\/#organization","name":"Manon Vocoret","url":"https:\/\/manon-vocoret.fr\/","logo":{"@type":"ImageObject","inLanguage":"en-US","@id":"https:\/\/manon-vocoret.fr\/#\/schema\/logo\/image\/","url":"https:\/\/manon-vocoret.fr\/wp-content\/uploads\/2025\/03\/Logo-site.png","contentUrl":"https:\/\/manon-vocoret.fr\/wp-content\/uploads\/2025\/03\/Logo-site.png","width":1069,"height":1029,"caption":"Manon Vocoret"},"image":{"@id":"https:\/\/manon-vocoret.fr\/#\/schema\/logo\/image\/"}}]}},"_links":{"self":[{"href":"https:\/\/manon-vocoret.fr\/index.php?rest_route=\/wp\/v2\/pages\/162","targetHints":{"allow":["GET"]}}],"collection":[{"href":"https:\/\/manon-vocoret.fr\/index.php?rest_route=\/wp\/v2\/pages"}],"about":[{"href":"https:\/\/manon-vocoret.fr\/index.php?rest_route=\/wp\/v2\/types\/page"}],"author":[{"embeddable":true,"href":"https:\/\/manon-vocoret.fr\/index.php?rest_route=\/wp\/v2\/users\/1"}],"replies":[{"embeddable":true,"href":"https:\/\/manon-vocoret.fr\/index.php?rest_route=%2Fwp%2Fv2%2Fcomments&post=162"}],"version-history":[{"count":40,"href":"https:\/\/manon-vocoret.fr\/index.php?rest_route=\/wp\/v2\/pages\/162\/revisions"}],"predecessor-version":[{"id":1681,"href":"https:\/\/manon-vocoret.fr\/index.php?rest_route=\/wp\/v2\/pages\/162\/revisions\/1681"}],"wp:attachment":[{"href":"https:\/\/manon-vocoret.fr\/index.php?rest_route=%2Fwp%2Fv2%2Fmedia&parent=162"}],"curies":[{"name":"wp","href":"https:\/\/api.w.org\/{rel}","templated":true}]}}