{"id":157,"date":"2024-02-13T15:03:45","date_gmt":"2024-02-13T14:03:45","guid":{"rendered":"https:\/\/manon-vocoret.fr\/?page_id=157"},"modified":"2025-03-09T21:38:28","modified_gmt":"2025-03-09T20:38:28","slug":"experiences-manon-vocoret-stages-job","status":"publish","type":"page","link":"https:\/\/manon-vocoret.fr\/?page_id=157","title":{"rendered":"Mes exp\u00e9riences"},"content":{"rendered":"\t\t<div data-elementor-type=\"wp-page\" data-elementor-id=\"157\" class=\"elementor elementor-157\">\n\t\t\t\t<div class=\"elementor-element elementor-element-1544453 e-flex e-con-boxed wpr-particle-no wpr-jarallax-no wpr-parallax-no wpr-sticky-section-no e-con e-parent\" data-id=\"1544453\" data-element_type=\"container\" data-settings=\"{&quot;content_width&quot;:&quot;boxed&quot;}\" data-core-v316-plus=\"true\">\n\t\t\t\t\t<div class=\"e-con-inner\">\n\t\t\t\t<div class=\"elementor-element elementor-element-3dfb36f elementor-widget elementor-widget-heading\" data-id=\"3dfb36f\" data-element_type=\"widget\" data-widget_type=\"heading.default\">\n\t\t\t\t<div class=\"elementor-widget-container\">\n\t\t\t<style>\/*! elementor - v3.19.0 - 07-02-2024 *\/\n.elementor-heading-title{padding:0;margin:0;line-height:1}.elementor-widget-heading .elementor-heading-title[class*=elementor-size-]>a{color:inherit;font-size:inherit;line-height:inherit}.elementor-widget-heading .elementor-heading-title.elementor-size-small{font-size:15px}.elementor-widget-heading .elementor-heading-title.elementor-size-medium{font-size:19px}.elementor-widget-heading .elementor-heading-title.elementor-size-large{font-size:29px}.elementor-widget-heading .elementor-heading-title.elementor-size-xl{font-size:39px}.elementor-widget-heading .elementor-heading-title.elementor-size-xxl{font-size:59px}<\/style><h1 class=\"elementor-heading-title elementor-size-default\">Mes exp\u00e9riences<\/h1>\t\t<\/div>\n\t\t\t\t<\/div>\n\t\t\t\t\t<\/div>\n\t\t\t\t<\/div>\n\t\t<div class=\"elementor-element elementor-element-3acd004 e-flex e-con-boxed wpr-particle-no wpr-jarallax-no wpr-parallax-no wpr-sticky-section-no e-con e-parent\" data-id=\"3acd004\" data-element_type=\"container\" data-settings=\"{&quot;content_width&quot;:&quot;boxed&quot;}\" data-core-v316-plus=\"true\">\n\t\t\t\t\t<div class=\"e-con-inner\">\n\t\t\t\t<div class=\"elementor-element elementor-element-331d420 elementor-hidden-mobile elementor-widget elementor-widget-spacer\" data-id=\"331d420\" data-element_type=\"widget\" data-widget_type=\"spacer.default\">\n\t\t\t\t<div class=\"elementor-widget-container\">\n\t\t\t<style>\/*! elementor - v3.19.0 - 07-02-2024 *\/\n.elementor-column .elementor-spacer-inner{height:var(--spacer-size)}.e-con{--container-widget-width:100%}.e-con-inner>.elementor-widget-spacer,.e-con>.elementor-widget-spacer{width:var(--container-widget-width,var(--spacer-size));--align-self:var(--container-widget-align-self,initial);--flex-shrink:0}.e-con-inner>.elementor-widget-spacer>.elementor-widget-container,.e-con>.elementor-widget-spacer>.elementor-widget-container{height:100%;width:100%}.e-con-inner>.elementor-widget-spacer>.elementor-widget-container>.elementor-spacer,.e-con>.elementor-widget-spacer>.elementor-widget-container>.elementor-spacer{height:100%}.e-con-inner>.elementor-widget-spacer>.elementor-widget-container>.elementor-spacer>.elementor-spacer-inner,.e-con>.elementor-widget-spacer>.elementor-widget-container>.elementor-spacer>.elementor-spacer-inner{height:var(--container-widget-height,var(--spacer-size))}.e-con-inner>.elementor-widget-spacer.elementor-widget-empty,.e-con>.elementor-widget-spacer.elementor-widget-empty{position:relative;min-height:22px;min-width:22px}.e-con-inner>.elementor-widget-spacer.elementor-widget-empty .elementor-widget-empty-icon,.e-con>.elementor-widget-spacer.elementor-widget-empty .elementor-widget-empty-icon{position:absolute;top:0;bottom:0;left:0;right:0;margin:auto;padding:0;width:22px;height:22px}<\/style>\t\t<div class=\"elementor-spacer\">\n\t\t\t<div class=\"elementor-spacer-inner\"><\/div>\n\t\t<\/div>\n\t\t\t\t<\/div>\n\t\t\t\t<\/div>\n\t\t\t\t<div class=\"elementor-element elementor-element-e3356a5 elementor-widget elementor-widget-text-editor\" data-id=\"e3356a5\" data-element_type=\"widget\" data-widget_type=\"text-editor.default\">\n\t\t\t\t<div class=\"elementor-widget-container\">\n\t\t\t<style>\/*! elementor - v3.19.0 - 07-02-2024 *\/\n.elementor-widget-text-editor.elementor-drop-cap-view-stacked .elementor-drop-cap{background-color:#69727d;color:#fff}.elementor-widget-text-editor.elementor-drop-cap-view-framed .elementor-drop-cap{color:#69727d;border:3px solid;background-color:transparent}.elementor-widget-text-editor:not(.elementor-drop-cap-view-default) .elementor-drop-cap{margin-top:8px}.elementor-widget-text-editor:not(.elementor-drop-cap-view-default) .elementor-drop-cap-letter{width:1em;height:1em}.elementor-widget-text-editor .elementor-drop-cap{float:left;text-align:center;line-height:1;font-size:50px}.elementor-widget-text-editor .elementor-drop-cap-letter{display:inline-block}<\/style>\t\t\t\t<p>Au lyc\u00e9e, je trouvais que les cours manquaient de pratique. Cela me manquait. C&#8217;est pourquoi, une fois mon bac en poche, je me suis tourn\u00e9e vers une formation professionnalisante. Je souhaitais pouvoir appliquer mes cours \u00e0 des situations que je pourrai rencontrer dans le monde du travail : me faire mes propres exp\u00e9riences.<\/p><p><a href=\"https:\/\/infocombesancon.fr\/\"><span style=\"text-decoration: underline;\"><strong>Info-Com<\/strong><\/span><\/a> est \u00e0 la hauteur de mes attentes ! Les occasions de c\u00f4toyer le monde professionnel ne manquent pas.<\/p><p>Je vous invite \u00e0 en apprendre plus sur <span style=\"text-decoration: underline;\"><strong><span style=\"color: #40e0d0; text-decoration: underline;\"><a style=\"color: #40e0d0; text-decoration: underline;\" href=\"https:\/\/manon-vocoret.fr\/?page_id=167\">mes stages<\/a><\/span><\/strong><\/span> et sur <a href=\"https:\/\/manon-vocoret.fr\/?page_id=1541\"><span style=\"text-decoration: underline;\"><strong><span style=\"color: #40e0d0; text-decoration: underline;\">BeComPro, mon projet tutor\u00e9<\/span><\/strong><\/span><\/a>.<\/p><p>En parall\u00e8le, je cherche \u00e0 <span style=\"text-decoration: underline; color: #40e0d0;\"><strong><a style=\"color: #40e0d0; text-decoration: underline;\" href=\"https:\/\/manon-vocoret.fr\/?page_id=177\">travailler pendant l&#8217;\u00e9t\u00e9<\/a><\/strong><\/span>, afin de me forger des exp\u00e9riences qui n&#8217;ont pas forc\u00e9ment de rapport avec mon domaine d&#8217;\u00e9tudes.<\/p><p>J&#8217;ai \u00e9galement \u00e9t\u00e9 amen\u00e9e \u00e0 utiliser mes comp\u00e9tences dans le cadre de projets en cours, ou lors de semaines sp\u00e9ciales. Pour les d\u00e9couvrir, c&#8217;est <a href=\"https:\/\/manon-vocoret.fr\/?page_id=162\"><span style=\"text-decoration: underline;\"><strong><span style=\"color: #40e0d0; text-decoration: underline;\">ici<\/span><\/strong><\/span><\/a> !<\/p>\t\t\t\t\t\t<\/div>\n\t\t\t\t<\/div>\n\t\t\t\t\t<\/div>\n\t\t\t\t<\/div>\n\t\t\t\t<\/div>\n\t\t","protected":false},"excerpt":{"rendered":"<p>Mes exp\u00e9riences Au lyc\u00e9e, je trouvais que les cours manquaient de pratique. Cela me manquait. C&#8217;est pourquoi, une fois mon bac en poche, je me suis tourn\u00e9e vers une formation professionnalisante. Je souhaitais pouvoir appliquer mes cours \u00e0 des situations que je pourrai rencontrer dans le monde du travail : me faire mes propres exp\u00e9riences. [&hellip;]<\/p>\n","protected":false},"author":1,"featured_media":0,"parent":0,"menu_order":0,"comment_status":"closed","ping_status":"closed","template":"","meta":{"footnotes":""},"class_list":["post-157","page","type-page","status-publish","hentry"],"yoast_head":"<!-- This site is optimized with the Yoast SEO plugin v22.0 - https:\/\/yoast.com\/wordpress\/plugins\/seo\/ -->\n<title>Mes exp\u00e9riences - Manon Vocoret<\/title>\n<meta name=\"description\" content=\"Que ce soit gr\u00e2ce \u00e0 mes stages ou \u00e0 mes jobs d&#039;\u00e9t\u00e9, j&#039;ai eu plusieurs occasions de d\u00e9couvrir le monde du travail. D\u00e9couvrez mes exp\u00e9riences !\" \/>\n<meta name=\"robots\" content=\"index, follow, max-snippet:-1, max-image-preview:large, max-video-preview:-1\" \/>\n<link rel=\"canonical\" href=\"https:\/\/manon-vocoret.fr\/?page_id=157\" \/>\n<meta property=\"og:locale\" content=\"en_US\" \/>\n<meta property=\"og:type\" content=\"article\" \/>\n<meta property=\"og:title\" content=\"Mes exp\u00e9riences - Manon Vocoret\" \/>\n<meta property=\"og:description\" content=\"Que ce soit gr\u00e2ce \u00e0 mes stages ou \u00e0 mes jobs d&#039;\u00e9t\u00e9, j&#039;ai eu plusieurs occasions de d\u00e9couvrir le monde du travail. D\u00e9couvrez mes exp\u00e9riences !\" \/>\n<meta property=\"og:url\" content=\"https:\/\/manon-vocoret.fr\/?page_id=157\" \/>\n<meta property=\"og:site_name\" content=\"Manon Vocoret\" \/>\n<meta property=\"article:modified_time\" content=\"2025-03-09T20:38:28+00:00\" \/>\n<meta name=\"twitter:card\" content=\"summary_large_image\" \/>\n<meta name=\"twitter:label1\" content=\"Est. reading time\" \/>\n\t<meta name=\"twitter:data1\" content=\"1 minute\" \/>\n<script type=\"application\/ld+json\" class=\"yoast-schema-graph\">{\"@context\":\"https:\/\/schema.org\",\"@graph\":[{\"@type\":\"WebPage\",\"@id\":\"https:\/\/manon-vocoret.fr\/?page_id=157\",\"url\":\"https:\/\/manon-vocoret.fr\/?page_id=157\",\"name\":\"Mes exp\u00e9riences - Manon Vocoret\",\"isPartOf\":{\"@id\":\"https:\/\/manon-vocoret.fr\/#website\"},\"datePublished\":\"2024-02-13T14:03:45+00:00\",\"dateModified\":\"2025-03-09T20:38:28+00:00\",\"description\":\"Que ce soit gr\u00e2ce \u00e0 mes stages ou \u00e0 mes jobs d'\u00e9t\u00e9, j'ai eu plusieurs occasions de d\u00e9couvrir le monde du travail. D\u00e9couvrez mes exp\u00e9riences !\",\"breadcrumb\":{\"@id\":\"https:\/\/manon-vocoret.fr\/?page_id=157#breadcrumb\"},\"inLanguage\":\"en-US\",\"potentialAction\":[{\"@type\":\"ReadAction\",\"target\":[\"https:\/\/manon-vocoret.fr\/?page_id=157\"]}]},{\"@type\":\"BreadcrumbList\",\"@id\":\"https:\/\/manon-vocoret.fr\/?page_id=157#breadcrumb\",\"itemListElement\":[{\"@type\":\"ListItem\",\"position\":1,\"name\":\"Accueil\",\"item\":\"https:\/\/manon-vocoret.fr\/\"},{\"@type\":\"ListItem\",\"position\":2,\"name\":\"Mes exp\u00e9riences\"}]},{\"@type\":\"WebSite\",\"@id\":\"https:\/\/manon-vocoret.fr\/#website\",\"url\":\"https:\/\/manon-vocoret.fr\/\",\"name\":\"Manon Vocoret\",\"description\":\"Portfolio d&#039;une \u00e9tudiante en Communication\",\"publisher\":{\"@id\":\"https:\/\/manon-vocoret.fr\/#organization\"},\"potentialAction\":[{\"@type\":\"SearchAction\",\"target\":{\"@type\":\"EntryPoint\",\"urlTemplate\":\"https:\/\/manon-vocoret.fr\/?s={search_term_string}\"},\"query-input\":\"required name=search_term_string\"}],\"inLanguage\":\"en-US\"},{\"@type\":\"Organization\",\"@id\":\"https:\/\/manon-vocoret.fr\/#organization\",\"name\":\"Manon Vocoret\",\"url\":\"https:\/\/manon-vocoret.fr\/\",\"logo\":{\"@type\":\"ImageObject\",\"inLanguage\":\"en-US\",\"@id\":\"https:\/\/manon-vocoret.fr\/#\/schema\/logo\/image\/\",\"url\":\"https:\/\/manon-vocoret.fr\/wp-content\/uploads\/2025\/03\/Logo-site.png\",\"contentUrl\":\"https:\/\/manon-vocoret.fr\/wp-content\/uploads\/2025\/03\/Logo-site.png\",\"width\":1069,\"height\":1029,\"caption\":\"Manon Vocoret\"},\"image\":{\"@id\":\"https:\/\/manon-vocoret.fr\/#\/schema\/logo\/image\/\"}}]}<\/script>\n<!-- \/ Yoast SEO plugin. -->","yoast_head_json":{"title":"Mes exp\u00e9riences - Manon Vocoret","description":"Que ce soit gr\u00e2ce \u00e0 mes stages ou \u00e0 mes jobs d'\u00e9t\u00e9, j'ai eu plusieurs occasions de d\u00e9couvrir le monde du travail. D\u00e9couvrez mes exp\u00e9riences !","robots":{"index":"index","follow":"follow","max-snippet":"max-snippet:-1","max-image-preview":"max-image-preview:large","max-video-preview":"max-video-preview:-1"},"canonical":"https:\/\/manon-vocoret.fr\/?page_id=157","og_locale":"en_US","og_type":"article","og_title":"Mes exp\u00e9riences - Manon Vocoret","og_description":"Que ce soit gr\u00e2ce \u00e0 mes stages ou \u00e0 mes jobs d'\u00e9t\u00e9, j'ai eu plusieurs occasions de d\u00e9couvrir le monde du travail. D\u00e9couvrez mes exp\u00e9riences !","og_url":"https:\/\/manon-vocoret.fr\/?page_id=157","og_site_name":"Manon Vocoret","article_modified_time":"2025-03-09T20:38:28+00:00","twitter_card":"summary_large_image","twitter_misc":{"Est. reading time":"1 minute"},"schema":{"@context":"https:\/\/schema.org","@graph":[{"@type":"WebPage","@id":"https:\/\/manon-vocoret.fr\/?page_id=157","url":"https:\/\/manon-vocoret.fr\/?page_id=157","name":"Mes exp\u00e9riences - Manon Vocoret","isPartOf":{"@id":"https:\/\/manon-vocoret.fr\/#website"},"datePublished":"2024-02-13T14:03:45+00:00","dateModified":"2025-03-09T20:38:28+00:00","description":"Que ce soit gr\u00e2ce \u00e0 mes stages ou \u00e0 mes jobs d'\u00e9t\u00e9, j'ai eu plusieurs occasions de d\u00e9couvrir le monde du travail. D\u00e9couvrez mes exp\u00e9riences !","breadcrumb":{"@id":"https:\/\/manon-vocoret.fr\/?page_id=157#breadcrumb"},"inLanguage":"en-US","potentialAction":[{"@type":"ReadAction","target":["https:\/\/manon-vocoret.fr\/?page_id=157"]}]},{"@type":"BreadcrumbList","@id":"https:\/\/manon-vocoret.fr\/?page_id=157#breadcrumb","itemListElement":[{"@type":"ListItem","position":1,"name":"Accueil","item":"https:\/\/manon-vocoret.fr\/"},{"@type":"ListItem","position":2,"name":"Mes exp\u00e9riences"}]},{"@type":"WebSite","@id":"https:\/\/manon-vocoret.fr\/#website","url":"https:\/\/manon-vocoret.fr\/","name":"Manon Vocoret","description":"Portfolio d&#039;une \u00e9tudiante en Communication","publisher":{"@id":"https:\/\/manon-vocoret.fr\/#organization"},"potentialAction":[{"@type":"SearchAction","target":{"@type":"EntryPoint","urlTemplate":"https:\/\/manon-vocoret.fr\/?s={search_term_string}"},"query-input":"required name=search_term_string"}],"inLanguage":"en-US"},{"@type":"Organization","@id":"https:\/\/manon-vocoret.fr\/#organization","name":"Manon Vocoret","url":"https:\/\/manon-vocoret.fr\/","logo":{"@type":"ImageObject","inLanguage":"en-US","@id":"https:\/\/manon-vocoret.fr\/#\/schema\/logo\/image\/","url":"https:\/\/manon-vocoret.fr\/wp-content\/uploads\/2025\/03\/Logo-site.png","contentUrl":"https:\/\/manon-vocoret.fr\/wp-content\/uploads\/2025\/03\/Logo-site.png","width":1069,"height":1029,"caption":"Manon Vocoret"},"image":{"@id":"https:\/\/manon-vocoret.fr\/#\/schema\/logo\/image\/"}}]}},"_links":{"self":[{"href":"https:\/\/manon-vocoret.fr\/index.php?rest_route=\/wp\/v2\/pages\/157","targetHints":{"allow":["GET"]}}],"collection":[{"href":"https:\/\/manon-vocoret.fr\/index.php?rest_route=\/wp\/v2\/pages"}],"about":[{"href":"https:\/\/manon-vocoret.fr\/index.php?rest_route=\/wp\/v2\/types\/page"}],"author":[{"embeddable":true,"href":"https:\/\/manon-vocoret.fr\/index.php?rest_route=\/wp\/v2\/users\/1"}],"replies":[{"embeddable":true,"href":"https:\/\/manon-vocoret.fr\/index.php?rest_route=%2Fwp%2Fv2%2Fcomments&post=157"}],"version-history":[{"count":52,"href":"https:\/\/manon-vocoret.fr\/index.php?rest_route=\/wp\/v2\/pages\/157\/revisions"}],"predecessor-version":[{"id":1870,"href":"https:\/\/manon-vocoret.fr\/index.php?rest_route=\/wp\/v2\/pages\/157\/revisions\/1870"}],"wp:attachment":[{"href":"https:\/\/manon-vocoret.fr\/index.php?rest_route=%2Fwp%2Fv2%2Fmedia&parent=157"}],"curies":[{"name":"wp","href":"https:\/\/api.w.org\/{rel}","templated":true}]}}